{"id":338,"date":"2023-08-31T10:37:23","date_gmt":"2023-08-31T10:37:23","guid":{"rendered":"https:\/\/fdmproofs2023.com\/prospermortgages\/?page_id=338"},"modified":"2023-12-20T12:19:42","modified_gmt":"2023-12-20T12:19:42","slug":"mortgage-loans","status":"publish","type":"page","link":"https:\/\/prospermortgages.com\/es\/mortgage-loans\/","title":{"rendered":"Mortgage Loans"},"content":{"rendered":"\t\t<div data-elementor-type=\"wp-page\" data-elementor-id=\"338\" class=\"elementor elementor-338\" data-elementor-post-type=\"page\">\n\t\t\t\t\t\t<section class=\"elementor-section elementor-top-section elementor-element elementor-element-dc08e59 inner-banner elementor-section-boxed elementor-section-height-default elementor-section-height-default\" data-id=\"dc08e59\" data-element_type=\"section\" data-e-type=\"section\" data-settings=\"{&quot;background_background&quot;:&quot;classic&quot;}\">\n\t\t\t\t\t\t\t<div class=\"elementor-background-overlay\"><\/div>\n\t\t\t\t\t\t\t<div class=\"elementor-container elementor-column-gap-no\">\n\t\t\t\t\t<div class=\"elementor-column elementor-col-100 elementor-top-column elementor-element elementor-element-384c9b6\" data-id=\"384c9b6\" data-element_type=\"column\" data-e-type=\"column\">\n\t\t\t<div class=\"elementor-widget-wrap elementor-element-populated\">\n\t\t\t\t\t\t<div class=\"elementor-element elementor-element-2d2dcd0 hero-hd elementor-widget elementor-widget-heading\" data-id=\"2d2dcd0\" data-element_type=\"widget\" data-e-type=\"widget\" data-widget_type=\"heading.default\">\n\t\t\t\t<div class=\"elementor-widget-container\">\n\t\t\t\t\t<h1 class=\"elementor-heading-title elementor-size-default\">Pr\u00e9stamos Hipotecarios<\/h1>\t\t\t\t<\/div>\n\t\t\t\t<\/div>\n\t\t\t\t\t<\/div>\n\t\t<\/div>\n\t\t\t\t\t<\/div>\n\t\t<\/section>\n\t\t\t\t<section class=\"elementor-section elementor-top-section elementor-element elementor-element-3c1d668 pad100 elementor-section-boxed elementor-section-height-default elementor-section-height-default\" data-id=\"3c1d668\" data-element_type=\"section\" data-e-type=\"section\">\n\t\t\t\t\t\t<div class=\"elementor-container elementor-column-gap-no\">\n\t\t\t\t\t<div class=\"elementor-column elementor-col-100 elementor-top-column elementor-element elementor-element-1e4e36b\" data-id=\"1e4e36b\" data-element_type=\"column\" data-e-type=\"column\">\n\t\t\t<div class=\"elementor-widget-wrap elementor-element-populated\">\n\t\t\t\t\t\t<div class=\"elementor-element elementor-element-9488785 bigheading animated-slow elementor-invisible elementor-widget elementor-widget-heading\" data-id=\"9488785\" data-element_type=\"widget\" data-e-type=\"widget\" data-settings=\"{&quot;_animation&quot;:&quot;fadeIn&quot;}\" data-widget_type=\"heading.default\">\n\t\t\t\t<div class=\"elementor-widget-container\">\n\t\t\t\t\t<h2 class=\"elementor-heading-title elementor-size-default\">\nTipos de Pr\u00e9stamos\n<\/h2>\t\t\t\t<\/div>\n\t\t\t\t<\/div>\n\t\t\t\t<section class=\"elementor-section elementor-inner-section elementor-element elementor-element-aab6b0b services_outer elementor-section-boxed elementor-section-height-default elementor-section-height-default\" data-id=\"aab6b0b\" data-element_type=\"section\" data-e-type=\"section\">\n\t\t\t\t\t\t<div class=\"elementor-container elementor-column-gap-no\">\n\t\t\t\t\t<div class=\"elementor-column elementor-col-100 elementor-inner-column elementor-element elementor-element-d23d38e\" data-id=\"d23d38e\" data-element_type=\"column\" data-e-type=\"column\">\n\t\t\t<div class=\"elementor-widget-wrap elementor-element-populated\">\n\t\t\t\t\t\t<div class=\"elementor-element elementor-element-8519e37 serv_box animated-slow elementor-position-top elementor-invisible elementor-widget elementor-widget-image-box\" data-id=\"8519e37\" data-element_type=\"widget\" data-e-type=\"widget\" data-settings=\"{&quot;_animation&quot;:&quot;fadeIn&quot;}\" data-widget_type=\"image-box.default\">\n\t\t\t\t<div class=\"elementor-widget-container\">\n\t\t\t\t\t<div class=\"elementor-image-box-wrapper\"><figure class=\"elementor-image-box-img\"><a href=\"https:\/\/prospermortgages.com\/mortgage-loans\/fha-loans\/\" tabindex=\"-1\"><img fetchpriority=\"high\" decoding=\"async\" width=\"325\" height=\"548\" src=\"https:\/\/prospermortgages.com\/es\/wp-content\/uploads\/sites\/2\/2023\/09\/fhaloan-box.jpg\" class=\"attachment-full size-full wp-image-680\" alt=\"\" srcset=\"https:\/\/prospermortgages.com\/es\/wp-content\/uploads\/sites\/2\/2023\/09\/fhaloan-box.jpg 325w, https:\/\/prospermortgages.com\/es\/wp-content\/uploads\/sites\/2\/2023\/09\/fhaloan-box-178x300.jpg 178w\" sizes=\"(max-width: 325px) 100vw, 325px\" \/><\/a><\/figure><div class=\"elementor-image-box-content\"><h3 class=\"elementor-image-box-title\"><a href=\"https:\/\/prospermortgages.com\/mortgage-loans\/fha-loans\/\">Pr\u00e9stamos FHA<\/a><\/h3><p class=\"elementor-image-box-description\">Los pr\u00e9stamos FHA requieren un pago inicial m\u00e1s bajo que los pr\u00e9stamos convencionales haciendo m\u00e1s accesible ser el due\u00f1o de su hogar. <\/p><\/div><\/div>\t\t\t\t<\/div>\n\t\t\t\t<\/div>\n\t\t\t\t<div class=\"elementor-element elementor-element-25163c4 serv_box animated-slow elementor-position-top elementor-invisible elementor-widget elementor-widget-image-box\" data-id=\"25163c4\" data-element_type=\"widget\" data-e-type=\"widget\" data-settings=\"{&quot;_animation&quot;:&quot;fadeIn&quot;}\" data-widget_type=\"image-box.default\">\n\t\t\t\t<div class=\"elementor-widget-container\">\n\t\t\t\t\t<div class=\"elementor-image-box-wrapper\"><figure class=\"elementor-image-box-img\"><a href=\"https:\/\/prospermortgages.com\/mortgage-loans\/usda-loans\/\" tabindex=\"-1\"><img decoding=\"async\" width=\"325\" height=\"548\" src=\"https:\/\/prospermortgages.com\/es\/wp-content\/uploads\/sites\/2\/2023\/08\/usda-img.jpg\" class=\"attachment-full size-full wp-image-248\" alt=\"\" srcset=\"https:\/\/prospermortgages.com\/es\/wp-content\/uploads\/sites\/2\/2023\/08\/usda-img.jpg 325w, https:\/\/prospermortgages.com\/es\/wp-content\/uploads\/sites\/2\/2023\/08\/usda-img-178x300.jpg 178w\" sizes=\"(max-width: 325px) 100vw, 325px\" \/><\/a><\/figure><div class=\"elementor-image-box-content\"><h3 class=\"elementor-image-box-title\"><a href=\"https:\/\/prospermortgages.com\/mortgage-loans\/usda-loans\/\">Pr\u00e9stamos USDA<\/a><\/h3><p class=\"elementor-image-box-description\">Los pr\u00e9stamos USDA proporcionan opciones de financiamiento accesibles, con lo que se estimula el desarrollo rural y la propiedad de la vivienda. <\/p><\/div><\/div>\t\t\t\t<\/div>\n\t\t\t\t<\/div>\n\t\t\t\t<div class=\"elementor-element elementor-element-61554fd serv_box animated-slow elementor-position-top elementor-invisible elementor-widget elementor-widget-image-box\" data-id=\"61554fd\" data-element_type=\"widget\" data-e-type=\"widget\" data-settings=\"{&quot;_animation&quot;:&quot;fadeIn&quot;}\" data-widget_type=\"image-box.default\">\n\t\t\t\t<div class=\"elementor-widget-container\">\n\t\t\t\t\t<div class=\"elementor-image-box-wrapper\"><figure class=\"elementor-image-box-img\"><a href=\"https:\/\/prospermortgages.com\/mortgage-loans\/itin-loans\/\" tabindex=\"-1\"><img decoding=\"async\" width=\"325\" height=\"548\" src=\"https:\/\/prospermortgages.com\/es\/wp-content\/uploads\/sites\/2\/2023\/08\/itin-img.jpg\" class=\"attachment-full size-full wp-image-232\" alt=\"\" srcset=\"https:\/\/prospermortgages.com\/es\/wp-content\/uploads\/sites\/2\/2023\/08\/itin-img.jpg 325w, https:\/\/prospermortgages.com\/es\/wp-content\/uploads\/sites\/2\/2023\/08\/itin-img-178x300.jpg 178w\" sizes=\"(max-width: 325px) 100vw, 325px\" \/><\/a><\/figure><div class=\"elementor-image-box-content\"><h3 class=\"elementor-image-box-title\"><a href=\"https:\/\/prospermortgages.com\/mortgage-loans\/itin-loans\/\">Pr\u00e9stamos ITIN<\/a><\/h3><p class=\"elementor-image-box-description\">El camino a la propiedad de vivienda y empoderamiento financiero para ciudadanos no estadounidenses. <\/p><\/div><\/div>\t\t\t\t<\/div>\n\t\t\t\t<\/div>\n\t\t\t\t<div class=\"elementor-element elementor-element-d3fb8b5 serv_box animated-slow elementor-position-top elementor-invisible elementor-widget elementor-widget-image-box\" data-id=\"d3fb8b5\" data-element_type=\"widget\" data-e-type=\"widget\" data-settings=\"{&quot;_animation&quot;:&quot;fadeIn&quot;}\" data-widget_type=\"image-box.default\">\n\t\t\t\t<div class=\"elementor-widget-container\">\n\t\t\t\t\t<div class=\"elementor-image-box-wrapper\"><figure class=\"elementor-image-box-img\"><a href=\"https:\/\/prospermortgages.com\/mortgage-loans\/conventional-loans\/\" tabindex=\"-1\"><img loading=\"lazy\" decoding=\"async\" width=\"325\" height=\"548\" src=\"https:\/\/prospermortgages.com\/es\/wp-content\/uploads\/sites\/2\/2023\/08\/conventional-img.jpg\" class=\"attachment-full size-full wp-image-242\" alt=\"\" srcset=\"https:\/\/prospermortgages.com\/es\/wp-content\/uploads\/sites\/2\/2023\/08\/conventional-img.jpg 325w, https:\/\/prospermortgages.com\/es\/wp-content\/uploads\/sites\/2\/2023\/08\/conventional-img-178x300.jpg 178w\" sizes=\"(max-width: 325px) 100vw, 325px\" \/><\/a><\/figure><div class=\"elementor-image-box-content\"><h3 class=\"elementor-image-box-title\"><a href=\"https:\/\/prospermortgages.com\/mortgage-loans\/conventional-loans\/\">Pr\u00e9stamos Convencionales<\/a><\/h3><p class=\"elementor-image-box-description\">Descubra c\u00f3mo esta popular opci\u00f3n hipotecaria puede hacer realidad ser due\u00f1o de una vivienda. <\/p><\/div><\/div>\t\t\t\t<\/div>\n\t\t\t\t<\/div>\n\t\t\t\t\t<\/div>\n\t\t<\/div>\n\t\t\t\t\t<\/div>\n\t\t<\/section>\n\t\t\t\t\t<\/div>\n\t\t<\/div>\n\t\t\t\t\t<\/div>\n\t\t<\/section>\n\t\t\t\t<section class=\"elementor-section elementor-top-section elementor-element elementor-element-d95f5bd contact_row new-contact loan-cta elementor-section-boxed elementor-section-height-default elementor-section-height-default\" data-id=\"d95f5bd\" data-element_type=\"section\" data-e-type=\"section\" data-settings=\"{&quot;background_background&quot;:&quot;slideshow&quot;,&quot;background_slideshow_gallery&quot;:[{&quot;id&quot;:431,&quot;url&quot;:&quot;https:\\\/\\\/prospermortgages.com\\\/es\\\/wp-content\\\/uploads\\\/2023\\\/09\\\/prosper-img.jpg&quot;}],&quot;background_slideshow_loop&quot;:&quot;yes&quot;,&quot;background_slideshow_slide_duration&quot;:5000,&quot;background_slideshow_slide_transition&quot;:&quot;fade&quot;,&quot;background_slideshow_transition_duration&quot;:500}\">\n\t\t\t\t\t\t\t<div class=\"elementor-background-overlay\"><\/div>\n\t\t\t\t\t\t\t<div class=\"elementor-container elementor-column-gap-no\">\n\t\t\t\t\t<div class=\"elementor-column elementor-col-100 elementor-top-column elementor-element elementor-element-7be21b6 contact_row_inner\" data-id=\"7be21b6\" data-element_type=\"column\" data-e-type=\"column\">\n\t\t\t<div class=\"elementor-widget-wrap elementor-element-populated\">\n\t\t\t\t\t\t<div class=\"elementor-element elementor-element-aee463f mdheading animated-slow elementor-invisible elementor-widget elementor-widget-heading\" data-id=\"aee463f\" data-element_type=\"widget\" data-e-type=\"widget\" data-settings=\"{&quot;_animation&quot;:&quot;fadeInUp&quot;}\" data-widget_type=\"heading.default\">\n\t\t\t\t<div class=\"elementor-widget-container\">\n\t\t\t\t\t<h2 class=\"elementor-heading-title elementor-size-default\">Solicite su pr\u00e9stamo y hable con Rachael hoy.<\/h2>\t\t\t\t<\/div>\n\t\t\t\t<\/div>\n\t\t\t\t<div class=\"elementor-element elementor-element-e7e8970 defbtn blackbtn elementor-align-center animated-slow elementor-invisible elementor-widget elementor-widget-button\" data-id=\"e7e8970\" data-element_type=\"widget\" data-e-type=\"widget\" data-settings=\"{&quot;_animation&quot;:&quot;fadeInUp&quot;}\" data-widget_type=\"button.default\">\n\t\t\t\t<div class=\"elementor-widget-container\">\n\t\t\t\t\t\t\t\t\t<div class=\"elementor-button-wrapper\">\n\t\t\t\t\t<a class=\"elementor-button elementor-button-link elementor-size-sm\" href=\"#\">\n\t\t\t\t\t\t<span class=\"elementor-button-content-wrapper\">\n\t\t\t\t\t\t\t\t\t<span class=\"elementor-button-text\"> \u00a1Inicie Hoy!<\/span>\n\t\t\t\t\t<\/span>\n\t\t\t\t\t<\/a>\n\t\t\t\t<\/div>\n\t\t\t\t\t\t\t\t<\/div>\n\t\t\t\t<\/div>\n\t\t\t\t\t<\/div>\n\t\t<\/div>\n\t\t\t\t\t<\/div>\n\t\t<\/section>\n\t\t\t\t<\/div>\n\t\t","protected":false},"excerpt":{"rendered":"<p>Pr\u00e9stamos Hipotecarios Tipos de Pr\u00e9stamos Pr\u00e9stamos FHA Los pr\u00e9stamos FHA requieren un pago inicial m\u00e1s bajo que los pr\u00e9stamos convencionales haciendo m\u00e1s accesible ser el due\u00f1o de su hogar. Pr\u00e9stamos USDA Los pr\u00e9stamos USDA proporcionan opciones de financiamiento accesibles, con lo que se estimula el desarrollo rural y la propiedad de la vivienda. Pr\u00e9stamos ITIN [&hellip;]<\/p>\n","protected":false},"author":1,"featured_media":0,"parent":0,"menu_order":0,"comment_status":"closed","ping_status":"closed","template":"elementor_header_footer","meta":{"footnotes":""},"class_list":["post-338","page","type-page","status-publish","hentry"],"yoast_head":"<!-- This site is optimized with the Yoast SEO plugin v27.4 - https:\/\/yoast.com\/product\/yoast-seo-wordpress\/ -->\n<title>Pr\u00e9stamos Hipotecarios: Su gu\u00eda completa para Entender, Solicitar y Elegir las Mejores Opciones | Prosper Mortgages<\/title>\n<meta name=\"description\" content=\"Sum\u00e9rjase en esta gu\u00eda completa para el financiamiento de viviendas, desbloqueando los secretos de los pr\u00e9stamos bancarios y convirtiendo la dif\u00edcil tarea de comprar una casa en un viaje gratificante. Pr\u00e9stamos Bancarios: \u00a1Su Gu\u00eda Completa para la Financiaci\u00f3n de Vivienda que tiene todo lo que necesita!\" \/>\n<meta name=\"robots\" content=\"index, follow, max-snippet:-1, max-image-preview:large, max-video-preview:-1\" \/>\n<link rel=\"canonical\" href=\"https:\/\/prospermortgages.com\/es\/mortgage-loans\/\" \/>\n<meta property=\"og:locale\" content=\"en_US\" \/>\n<meta property=\"og:type\" content=\"article\" \/>\n<meta property=\"og:title\" content=\"Pr\u00e9stamos Hipotecarios: Su gu\u00eda completa para Entender, Solicitar y Elegir las Mejores Opciones | Prosper Mortgages\" \/>\n<meta property=\"og:description\" content=\"Sum\u00e9rjase en esta gu\u00eda completa para el financiamiento de viviendas, desbloqueando los secretos de los pr\u00e9stamos bancarios y convirtiendo la dif\u00edcil tarea de comprar una casa en un viaje gratificante. Pr\u00e9stamos Bancarios: \u00a1Su Gu\u00eda Completa para la Financiaci\u00f3n de Vivienda que tiene todo lo que necesita!\" \/>\n<meta property=\"og:url\" content=\"https:\/\/prospermortgages.com\/es\/mortgage-loans\/\" \/>\n<meta property=\"og:site_name\" content=\"Prosper Mortgages Spanish\" \/>\n<meta property=\"article:modified_time\" content=\"2023-12-20T12:19:42+00:00\" \/>\n<meta property=\"og:image\" content=\"https:\/\/prospermortgages.com\/es\/wp-content\/uploads\/sites\/2\/2023\/09\/fhaloan-box.jpg\" \/>\n<meta name=\"twitter:card\" content=\"summary_large_image\" \/>\n<meta name=\"twitter:label1\" content=\"Est. reading time\" \/>\n\t<meta name=\"twitter:data1\" content=\"2 minutes\" \/>\n<script type=\"application\/ld+json\" class=\"yoast-schema-graph\">{\"@context\":\"https:\\\/\\\/schema.org\",\"@graph\":[{\"@type\":\"WebPage\",\"@id\":\"https:\\\/\\\/prospermortgages.com\\\/es\\\/mortgage-loans\\\/\",\"url\":\"https:\\\/\\\/prospermortgages.com\\\/es\\\/mortgage-loans\\\/\",\"name\":\"Pr\u00e9stamos Hipotecarios: Su gu\u00eda completa para Entender, Solicitar y Elegir las Mejores Opciones | Prosper Mortgages\",\"isPartOf\":{\"@id\":\"https:\\\/\\\/prospermortgages.com\\\/es\\\/#website\"},\"primaryImageOfPage\":{\"@id\":\"https:\\\/\\\/prospermortgages.com\\\/es\\\/mortgage-loans\\\/#primaryimage\"},\"image\":{\"@id\":\"https:\\\/\\\/prospermortgages.com\\\/es\\\/mortgage-loans\\\/#primaryimage\"},\"thumbnailUrl\":\"https:\\\/\\\/prospermortgages.com\\\/es\\\/wp-content\\\/uploads\\\/sites\\\/2\\\/2023\\\/09\\\/fhaloan-box.jpg\",\"datePublished\":\"2023-08-31T10:37:23+00:00\",\"dateModified\":\"2023-12-20T12:19:42+00:00\",\"description\":\"Sum\u00e9rjase en esta gu\u00eda completa para el financiamiento de viviendas, desbloqueando los secretos de los pr\u00e9stamos bancarios y convirtiendo la dif\u00edcil tarea de comprar una casa en un viaje gratificante. Pr\u00e9stamos Bancarios: \u00a1Su Gu\u00eda Completa para la Financiaci\u00f3n de Vivienda que tiene todo lo que necesita!\",\"breadcrumb\":{\"@id\":\"https:\\\/\\\/prospermortgages.com\\\/es\\\/mortgage-loans\\\/#breadcrumb\"},\"inLanguage\":\"en-US\",\"potentialAction\":[{\"@type\":\"ReadAction\",\"target\":[\"https:\\\/\\\/prospermortgages.com\\\/es\\\/mortgage-loans\\\/\"]}]},{\"@type\":\"ImageObject\",\"inLanguage\":\"en-US\",\"@id\":\"https:\\\/\\\/prospermortgages.com\\\/es\\\/mortgage-loans\\\/#primaryimage\",\"url\":\"https:\\\/\\\/prospermortgages.com\\\/es\\\/wp-content\\\/uploads\\\/sites\\\/2\\\/2023\\\/09\\\/fhaloan-box.jpg\",\"contentUrl\":\"https:\\\/\\\/prospermortgages.com\\\/es\\\/wp-content\\\/uploads\\\/sites\\\/2\\\/2023\\\/09\\\/fhaloan-box.jpg\",\"width\":325,\"height\":548},{\"@type\":\"BreadcrumbList\",\"@id\":\"https:\\\/\\\/prospermortgages.com\\\/es\\\/mortgage-loans\\\/#breadcrumb\",\"itemListElement\":[{\"@type\":\"ListItem\",\"position\":1,\"name\":\"Home\",\"item\":\"https:\\\/\\\/prospermortgages.com\\\/es\\\/\"},{\"@type\":\"ListItem\",\"position\":2,\"name\":\"Mortgage Loans\"}]},{\"@type\":\"WebSite\",\"@id\":\"https:\\\/\\\/prospermortgages.com\\\/es\\\/#website\",\"url\":\"https:\\\/\\\/prospermortgages.com\\\/es\\\/\",\"name\":\"Prosper Mortgages Spanish\",\"description\":\"\",\"publisher\":{\"@id\":\"https:\\\/\\\/prospermortgages.com\\\/es\\\/#organization\"},\"potentialAction\":[{\"@type\":\"SearchAction\",\"target\":{\"@type\":\"EntryPoint\",\"urlTemplate\":\"https:\\\/\\\/prospermortgages.com\\\/es\\\/?s={search_term_string}\"},\"query-input\":{\"@type\":\"PropertyValueSpecification\",\"valueRequired\":true,\"valueName\":\"search_term_string\"}}],\"inLanguage\":\"en-US\"},{\"@type\":\"Organization\",\"@id\":\"https:\\\/\\\/prospermortgages.com\\\/es\\\/#organization\",\"name\":\"Prosper Mortgages Spanish\",\"url\":\"https:\\\/\\\/prospermortgages.com\\\/es\\\/\",\"logo\":{\"@type\":\"ImageObject\",\"inLanguage\":\"en-US\",\"@id\":\"https:\\\/\\\/prospermortgages.com\\\/es\\\/#\\\/schema\\\/logo\\\/image\\\/\",\"url\":\"https:\\\/\\\/prospermortgages.com\\\/es\\\/wp-content\\\/uploads\\\/sites\\\/2\\\/2023\\\/08\\\/logo3.png\",\"contentUrl\":\"https:\\\/\\\/prospermortgages.com\\\/es\\\/wp-content\\\/uploads\\\/sites\\\/2\\\/2023\\\/08\\\/logo3.png\",\"width\":427,\"height\":177,\"caption\":\"Prosper Mortgages Spanish\"},\"image\":{\"@id\":\"https:\\\/\\\/prospermortgages.com\\\/es\\\/#\\\/schema\\\/logo\\\/image\\\/\"}}]}<\/script>\n<!-- \/ Yoast SEO plugin. -->","yoast_head_json":{"title":"Pr\u00e9stamos Hipotecarios: Su gu\u00eda completa para Entender, Solicitar y Elegir las Mejores Opciones | Prosper Mortgages","description":"Sum\u00e9rjase en esta gu\u00eda completa para el financiamiento de viviendas, desbloqueando los secretos de los pr\u00e9stamos bancarios y convirtiendo la dif\u00edcil tarea de comprar una casa en un viaje gratificante. Pr\u00e9stamos Bancarios: \u00a1Su Gu\u00eda Completa para la Financiaci\u00f3n de Vivienda que tiene todo lo que necesita!","robots":{"index":"index","follow":"follow","max-snippet":"max-snippet:-1","max-image-preview":"max-image-preview:large","max-video-preview":"max-video-preview:-1"},"canonical":"https:\/\/prospermortgages.com\/es\/mortgage-loans\/","og_locale":"en_US","og_type":"article","og_title":"Pr\u00e9stamos Hipotecarios: Su gu\u00eda completa para Entender, Solicitar y Elegir las Mejores Opciones | Prosper Mortgages","og_description":"Sum\u00e9rjase en esta gu\u00eda completa para el financiamiento de viviendas, desbloqueando los secretos de los pr\u00e9stamos bancarios y convirtiendo la dif\u00edcil tarea de comprar una casa en un viaje gratificante. Pr\u00e9stamos Bancarios: \u00a1Su Gu\u00eda Completa para la Financiaci\u00f3n de Vivienda que tiene todo lo que necesita!","og_url":"https:\/\/prospermortgages.com\/es\/mortgage-loans\/","og_site_name":"Prosper Mortgages Spanish","article_modified_time":"2023-12-20T12:19:42+00:00","og_image":[{"url":"https:\/\/prospermortgages.com\/es\/wp-content\/uploads\/sites\/2\/2023\/09\/fhaloan-box.jpg","type":"","width":"","height":""}],"twitter_card":"summary_large_image","twitter_misc":{"Est. reading time":"2 minutes"},"schema":{"@context":"https:\/\/schema.org","@graph":[{"@type":"WebPage","@id":"https:\/\/prospermortgages.com\/es\/mortgage-loans\/","url":"https:\/\/prospermortgages.com\/es\/mortgage-loans\/","name":"Pr\u00e9stamos Hipotecarios: Su gu\u00eda completa para Entender, Solicitar y Elegir las Mejores Opciones | Prosper Mortgages","isPartOf":{"@id":"https:\/\/prospermortgages.com\/es\/#website"},"primaryImageOfPage":{"@id":"https:\/\/prospermortgages.com\/es\/mortgage-loans\/#primaryimage"},"image":{"@id":"https:\/\/prospermortgages.com\/es\/mortgage-loans\/#primaryimage"},"thumbnailUrl":"https:\/\/prospermortgages.com\/es\/wp-content\/uploads\/sites\/2\/2023\/09\/fhaloan-box.jpg","datePublished":"2023-08-31T10:37:23+00:00","dateModified":"2023-12-20T12:19:42+00:00","description":"Sum\u00e9rjase en esta gu\u00eda completa para el financiamiento de viviendas, desbloqueando los secretos de los pr\u00e9stamos bancarios y convirtiendo la dif\u00edcil tarea de comprar una casa en un viaje gratificante. Pr\u00e9stamos Bancarios: \u00a1Su Gu\u00eda Completa para la Financiaci\u00f3n de Vivienda que tiene todo lo que necesita!","breadcrumb":{"@id":"https:\/\/prospermortgages.com\/es\/mortgage-loans\/#breadcrumb"},"inLanguage":"en-US","potentialAction":[{"@type":"ReadAction","target":["https:\/\/prospermortgages.com\/es\/mortgage-loans\/"]}]},{"@type":"ImageObject","inLanguage":"en-US","@id":"https:\/\/prospermortgages.com\/es\/mortgage-loans\/#primaryimage","url":"https:\/\/prospermortgages.com\/es\/wp-content\/uploads\/sites\/2\/2023\/09\/fhaloan-box.jpg","contentUrl":"https:\/\/prospermortgages.com\/es\/wp-content\/uploads\/sites\/2\/2023\/09\/fhaloan-box.jpg","width":325,"height":548},{"@type":"BreadcrumbList","@id":"https:\/\/prospermortgages.com\/es\/mortgage-loans\/#breadcrumb","itemListElement":[{"@type":"ListItem","position":1,"name":"Home","item":"https:\/\/prospermortgages.com\/es\/"},{"@type":"ListItem","position":2,"name":"Mortgage Loans"}]},{"@type":"WebSite","@id":"https:\/\/prospermortgages.com\/es\/#website","url":"https:\/\/prospermortgages.com\/es\/","name":"Prosper Mortgages Spanish","description":"","publisher":{"@id":"https:\/\/prospermortgages.com\/es\/#organization"},"potentialAction":[{"@type":"SearchAction","target":{"@type":"EntryPoint","urlTemplate":"https:\/\/prospermortgages.com\/es\/?s={search_term_string}"},"query-input":{"@type":"PropertyValueSpecification","valueRequired":true,"valueName":"search_term_string"}}],"inLanguage":"en-US"},{"@type":"Organization","@id":"https:\/\/prospermortgages.com\/es\/#organization","name":"Prosper Mortgages Spanish","url":"https:\/\/prospermortgages.com\/es\/","logo":{"@type":"ImageObject","inLanguage":"en-US","@id":"https:\/\/prospermortgages.com\/es\/#\/schema\/logo\/image\/","url":"https:\/\/prospermortgages.com\/es\/wp-content\/uploads\/sites\/2\/2023\/08\/logo3.png","contentUrl":"https:\/\/prospermortgages.com\/es\/wp-content\/uploads\/sites\/2\/2023\/08\/logo3.png","width":427,"height":177,"caption":"Prosper Mortgages Spanish"},"image":{"@id":"https:\/\/prospermortgages.com\/es\/#\/schema\/logo\/image\/"}}]}},"_links":{"self":[{"href":"https:\/\/prospermortgages.com\/es\/wp-json\/wp\/v2\/pages\/338","targetHints":{"allow":["GET"]}}],"collection":[{"href":"https:\/\/prospermortgages.com\/es\/wp-json\/wp\/v2\/pages"}],"about":[{"href":"https:\/\/prospermortgages.com\/es\/wp-json\/wp\/v2\/types\/page"}],"author":[{"embeddable":true,"href":"https:\/\/prospermortgages.com\/es\/wp-json\/wp\/v2\/users\/1"}],"replies":[{"embeddable":true,"href":"https:\/\/prospermortgages.com\/es\/wp-json\/wp\/v2\/comments?post=338"}],"version-history":[{"count":28,"href":"https:\/\/prospermortgages.com\/es\/wp-json\/wp\/v2\/pages\/338\/revisions"}],"predecessor-version":[{"id":1778,"href":"https:\/\/prospermortgages.com\/es\/wp-json\/wp\/v2\/pages\/338\/revisions\/1778"}],"wp:attachment":[{"href":"https:\/\/prospermortgages.com\/es\/wp-json\/wp\/v2\/media?parent=338"}],"curies":[{"name":"wp","href":"https:\/\/api.w.org\/{rel}","templated":true}]}}