{"id":229,"date":"2023-08-30T12:46:28","date_gmt":"2023-08-30T12:46:28","guid":{"rendered":"https:\/\/fdmproofs2023.com\/prospermortgages\/?page_id=229"},"modified":"2023-12-20T12:21:52","modified_gmt":"2023-12-20T12:21:52","slug":"contact-us","status":"publish","type":"page","link":"https:\/\/prospermortgages.com\/es\/contact-us\/","title":{"rendered":"Contact Us"},"content":{"rendered":"\t\t<div data-elementor-type=\"wp-page\" data-elementor-id=\"229\" class=\"elementor elementor-229\" data-elementor-post-type=\"page\">\n\t\t\t\t\t\t<section class=\"elementor-section elementor-top-section elementor-element elementor-element-53dcb2d inner-banner  contact-bnr elementor-section-boxed elementor-section-height-default elementor-section-height-default\" data-id=\"53dcb2d\" data-element_type=\"section\" data-e-type=\"section\" data-settings=\"{&quot;background_background&quot;:&quot;classic&quot;}\">\n\t\t\t\t\t\t\t<div class=\"elementor-background-overlay\"><\/div>\n\t\t\t\t\t\t\t<div class=\"elementor-container elementor-column-gap-no\">\n\t\t\t\t\t<div class=\"elementor-column elementor-col-100 elementor-top-column elementor-element elementor-element-eebc42d\" data-id=\"eebc42d\" data-element_type=\"column\" data-e-type=\"column\">\n\t\t\t<div class=\"elementor-widget-wrap elementor-element-populated\">\n\t\t\t\t\t\t<div class=\"elementor-element elementor-element-946ce7b inner-bar contct-hd elementor-widget elementor-widget-heading\" data-id=\"946ce7b\" data-element_type=\"widget\" data-e-type=\"widget\" data-widget_type=\"heading.default\">\n\t\t\t\t<div class=\"elementor-widget-container\">\n\t\t\t\t\t<h1 class=\"elementor-heading-title elementor-size-default\">Cont\u00e1ctenos<\/h1>\t\t\t\t<\/div>\n\t\t\t\t<\/div>\n\t\t\t\t\t<\/div>\n\t\t<\/div>\n\t\t\t\t\t<\/div>\n\t\t<\/section>\n\t\t\t\t<section class=\"elementor-section elementor-top-section elementor-element elementor-element-1da4c50  main-contact animated-slow elementor-section-boxed elementor-section-height-default elementor-section-height-default\" data-id=\"1da4c50\" data-element_type=\"section\" data-e-type=\"section\" data-settings=\"{&quot;animation&quot;:&quot;none&quot;}\">\n\t\t\t\t\t\t<div class=\"elementor-container elementor-column-gap-no\">\n\t\t\t\t\t<div class=\"elementor-column elementor-col-100 elementor-top-column elementor-element elementor-element-a74a6ab\" data-id=\"a74a6ab\" data-element_type=\"column\" data-e-type=\"column\">\n\t\t\t<div class=\"elementor-widget-wrap elementor-element-populated\">\n\t\t\t\t\t\t<div class=\"elementor-element elementor-element-e81b295 pb elementor-widget elementor-widget-heading\" data-id=\"e81b295\" data-element_type=\"widget\" data-e-type=\"widget\" data-widget_type=\"heading.default\">\n\t\t\t\t<div class=\"elementor-widget-container\">\n\t\t\t\t\t<p class=\"elementor-heading-title elementor-size-default\">\u00bfListo para dar el siguiente paso? Aqu\u00ed en Prosper Mortgages, creemos en hacer realidad la casa de sus sue\u00f1os sin obst\u00e1culos. Nuestro equipo de expertos en pr\u00e9stamos hipotecarios est\u00e1 aqu\u00ed para garantizar que su viaje sea fluido, eficiente y, en \u00faltima instancia, exitoso. Rellene el siguiente formulario.<\/p>\t\t\t\t<\/div>\n\t\t\t\t<\/div>\n\t\t\t\t<div class=\"elementor-element elementor-element-1ff37e4 animated-slow custom-form elementor-invisible elementor-widget elementor-widget-shortcode\" data-id=\"1ff37e4\" data-element_type=\"widget\" data-e-type=\"widget\" data-settings=\"{&quot;_animation&quot;:&quot;fadeIn&quot;}\" data-widget_type=\"shortcode.default\">\n\t\t\t\t<div class=\"elementor-widget-container\">\n\t\t\t\t\t\t\t<div class=\"elementor-shortcode\"><script>\nvar gform;gform||(document.addEventListener(\"gform_main_scripts_loaded\",function(){gform.scriptsLoaded=!0}),document.addEventListener(\"gform\/theme\/scripts_loaded\",function(){gform.themeScriptsLoaded=!0}),window.addEventListener(\"DOMContentLoaded\",function(){gform.domLoaded=!0}),gform={domLoaded:!1,scriptsLoaded:!1,themeScriptsLoaded:!1,isFormEditor:()=>\"function\"==typeof InitializeEditor,callIfLoaded:function(o){return!(!gform.domLoaded||!gform.scriptsLoaded||!gform.themeScriptsLoaded&&!gform.isFormEditor()||(gform.isFormEditor()&&console.warn(\"The use of gform.initializeOnLoaded() is deprecated in the form editor context and will be removed in Gravity Forms 3.1.\"),o(),0))},initializeOnLoaded:function(o){gform.callIfLoaded(o)||(document.addEventListener(\"gform_main_scripts_loaded\",()=>{gform.scriptsLoaded=!0,gform.callIfLoaded(o)}),document.addEventListener(\"gform\/theme\/scripts_loaded\",()=>{gform.themeScriptsLoaded=!0,gform.callIfLoaded(o)}),window.addEventListener(\"DOMContentLoaded\",()=>{gform.domLoaded=!0,gform.callIfLoaded(o)}))},hooks:{action:{},filter:{}},addAction:function(o,r,e,t){gform.addHook(\"action\",o,r,e,t)},addFilter:function(o,r,e,t){gform.addHook(\"filter\",o,r,e,t)},doAction:function(o){gform.doHook(\"action\",o,arguments)},applyFilters:function(o){return gform.doHook(\"filter\",o,arguments)},removeAction:function(o,r){gform.removeHook(\"action\",o,r)},removeFilter:function(o,r,e){gform.removeHook(\"filter\",o,r,e)},addHook:function(o,r,e,t,n){null==gform.hooks[o][r]&&(gform.hooks[o][r]=[]);var d=gform.hooks[o][r];null==n&&(n=r+\"_\"+d.length),gform.hooks[o][r].push({tag:n,callable:e,priority:t=null==t?10:t})},doHook:function(r,o,e){var t;if(e=Array.prototype.slice.call(e,1),null!=gform.hooks[r][o]&&((o=gform.hooks[r][o]).sort(function(o,r){return o.priority-r.priority}),o.forEach(function(o){\"function\"!=typeof(t=o.callable)&&(t=window[t]),\"action\"==r?t.apply(null,e):e[0]=t.apply(null,e)})),\"filter\"==r)return e[0]},removeHook:function(o,r,t,n){var e;null!=gform.hooks[o][r]&&(e=(e=gform.hooks[o][r]).filter(function(o,r,e){return!!(null!=n&&n!=o.tag||null!=t&&t!=o.priority)}),gform.hooks[o][r]=e)}});\n<\/script>\n\n                <div class='gf_browser_gecko gform_wrapper gravity-theme gform-theme--no-framework' data-form-theme='gravity-theme' data-form-index='0' id='gform_wrapper_2' ><div id='gf_2' class='gform_anchor' tabindex='-1'><\/div><form method='post' enctype='multipart\/form-data' target='gform_ajax_frame_2' id='gform_2'  action='\/es\/wp-json\/wp\/v2\/pages\/229#gf_2' data-formid='2' novalidate>\n                        <div class='gform-body gform_body'><div id='gform_fields_2' class='gform_fields top_label form_sublabel_below description_below validation_below'><div id=\"field_2_8\" class=\"gfield gfield--type-text gfield--width-full col_box gfield_contains_required field_sublabel_below gfield--no-description field_description_below hidden_label field_validation_below gfield_visibility_visible\"  ><label class='gfield_label gform-field-label' for='input_2_8'>Nombre<span class=\"gfield_required\"><span class=\"gfield_required gfield_required_text\">(Required)<\/span><\/span><\/label><div class='ginput_container ginput_container_text'><input name='input_8' id='input_2_8' type='text' value='' class='large'   tabindex='49' placeholder='Nombre' aria-required=\"true\" aria-invalid=\"false\"   \/><\/div><\/div><div id=\"field_2_10\" class=\"gfield gfield--type-phone gfield--width-full col_box gfield_contains_required field_sublabel_below gfield--no-description field_description_below hidden_label field_validation_below gfield_visibility_visible\"  ><label class='gfield_label gform-field-label' for='input_2_10'>N\u00famero de tel\u00e9fono<span class=\"gfield_required\"><span class=\"gfield_required gfield_required_text\">(Required)<\/span><\/span><\/label><div class='ginput_container ginput_container_phone'><input name='input_10' id='input_2_10' type='tel' value='' class='large' tabindex='50' placeholder='N\u00famero de tel\u00e9fono' aria-required=\"true\" aria-invalid=\"false\"   \/><\/div><\/div><div id=\"field_2_11\" class=\"gfield gfield--type-select gfield--width-full col_box gfield_contains_required field_sublabel_below gfield--no-description field_description_below hidden_label field_validation_below gfield_visibility_visible\"  ><label class='gfield_label gform-field-label' for='input_2_11'>Tipo de Pr\u00e9stamo<span class=\"gfield_required\"><span class=\"gfield_required gfield_required_text\">(Required)<\/span><\/span><\/label><div class='ginput_container ginput_container_select'><select name='input_11' id='input_2_11' class='large gfield_select' tabindex='51'   aria-required=\"true\" aria-invalid=\"false\" ><option value='' selected='selected' class='gf_placeholder'>Tipo de Pr\u00e9stamo<\/option><option value='Pr\u00e9stamos Hipotecarios' >Pr\u00e9stamos Hipotecarios<\/option><option value='Pr\u00e9stamos USDA' >Pr\u00e9stamos USDA<\/option><option value='Pr\u00e9stamos ITIN' >Pr\u00e9stamos ITIN<\/option><option value='Pr\u00e9stamos Convencionales' >Pr\u00e9stamos Convencionales<\/option><\/select><\/div><\/div><div id=\"field_2_3\" class=\"gfield gfield--type-email gfield--width-full col_box gfield_contains_required field_sublabel_below gfield--no-description field_description_below hidden_label field_validation_below gfield_visibility_visible\"  ><label class='gfield_label gform-field-label' for='input_2_3'>Correo electr\u00f3nico<span class=\"gfield_required\"><span class=\"gfield_required gfield_required_text\">(Required)<\/span><\/span><\/label><div class='ginput_container ginput_container_email'>\n                            <input name='input_3' id='input_2_3' type='email' value='' class='large' tabindex='52'  placeholder='Correo electr\u00f3nico' aria-required=\"true\" aria-invalid=\"false\"  \/>\n                        <\/div><\/div><div id=\"field_2_6\" class=\"gfield gfield--type-textarea gfield--width-full field_sublabel_below gfield--no-description field_description_below hidden_label field_validation_below gfield_visibility_visible\"  ><label class='gfield_label gform-field-label' for='input_2_6'>Su mensaje<\/label><div class='ginput_container ginput_container_textarea'><textarea name='input_6' id='input_2_6' class='textarea large' tabindex='53'   placeholder='Su mensaje'  aria-invalid=\"false\"   rows='10' cols='50'><\/textarea><\/div><\/div><\/div><\/div>\n        <div class='gform-footer gform_footer top_label'> <input type='submit' id='gform_submit_button_2' class='gform_button button' onclick='gform.submission.handleButtonClick(this);' data-submission-type='submit' value='Enviar' tabindex='54' \/> <input type='hidden' name='gform_ajax' value='form_id=2&amp;title=&amp;description=&amp;tabindex=49&amp;theme=gravity-theme&amp;styles=[]&amp;hash=58fcc7fd643330ffdbb7117486a2b69e' \/>\n            <input type='hidden' class='gform_hidden' name='gform_submission_method' data-js='gform_submission_method_2' value='iframe' \/>\n            <input type='hidden' class='gform_hidden' name='gform_theme' data-js='gform_theme_2' id='gform_theme_2' value='gravity-theme' \/>\n            <input type='hidden' class='gform_hidden' name='gform_style_settings' data-js='gform_style_settings_2' id='gform_style_settings_2' value='[]' \/>\n            <input type='hidden' class='gform_hidden' name='is_submit_2' value='1' \/>\n            <input type='hidden' class='gform_hidden' name='gform_submit' value='2' \/>\n            \n            <input type='hidden' class='gform_hidden' name='gform_currency' data-currency='USD' value='ve4IfgSVArKxeEZOzwoYXzJh\/eqcM\/q49VjkI4\/0SiHIpUhOEb74LFQPd29yy5JYHeIqksVP9lM7YjaNDoTlhwSzoJUC26ogfusknWswLlYodjk=' \/>\n            <input type='hidden' class='gform_hidden' name='gform_unique_id' value='' \/>\n            <input type='hidden' class='gform_hidden' name='state_2' value='WyJ7XCIxMVwiOltcImU0ZmIzNmJmM2ExNjk4ZWRhN2FlNGYxMTAyMWVhZDc1XCIsXCI1OTIwMTE0MzQyOGI2YWM4ZTUwMWI2YWEzZDIyYWJlMlwiLFwiMDhkODg5YWYwMzViMDMxMGU4OWQ1NWZkZGMxNTgzY2VcIixcIjQwZmI4MGRhODUxZjM0YzljZDkyNjJjNjRmODRjM2VlXCJdfSIsIjM4NmYyMzU1ZTk1ZWZjM2MwNjRiZWZhYTcyM2U5ZTAyIl0=' \/>\n            <input type='hidden' autocomplete='off' class='gform_hidden' name='gform_target_page_number_2' id='gform_target_page_number_2' value='0' \/>\n            <input type='hidden' autocomplete='off' class='gform_hidden' name='gform_source_page_number_2' id='gform_source_page_number_2' value='1' \/>\n            <input type='hidden' name='gform_field_values' value='check=First+Choice%2CSecond+Choice' \/>\n            \n        <\/div>\n                        <\/form>\n                        <\/div>\n\t\t                <iframe style='display:none;width:0px;height:0px;' src='about:blank' name='gform_ajax_frame_2' id='gform_ajax_frame_2' title='This iframe contains the logic required to handle Ajax powered Gravity Forms.'><\/iframe>\n\t\t                <script>\ngform.initializeOnLoaded( function() {gformInitSpinner( 2, 'https:\/\/prospermortgages.com\/es\/wp-content\/plugins\/gravityforms\/images\/spinner.svg', true );jQuery('#gform_ajax_frame_2').on('load',function(){var contents = jQuery(this).contents().find('*').html();var is_postback = contents.indexOf('GF_AJAX_POSTBACK') >= 0;if(!is_postback){return;}var form_content = jQuery(this).contents().find('#gform_wrapper_2');var is_confirmation = jQuery(this).contents().find('#gform_confirmation_wrapper_2').length > 0;var is_redirect = contents.indexOf('gformRedirect(){') >= 0;var is_form = form_content.length > 0 && ! is_redirect && ! is_confirmation;var mt = parseInt(jQuery('html').css('margin-top'), 10) + parseInt(jQuery('body').css('margin-top'), 10) + 100;if(is_form){jQuery('#gform_wrapper_2').html(form_content.html());if(form_content.hasClass('gform_validation_error')){jQuery('#gform_wrapper_2').addClass('gform_validation_error');} else {jQuery('#gform_wrapper_2').removeClass('gform_validation_error');}setTimeout( function() { \/* delay the scroll by 50 milliseconds to fix a bug in chrome *\/ jQuery(document).scrollTop(jQuery('#gform_wrapper_2').offset().top - mt); }, 50 );if(window['gformInitDatepicker']) {gformInitDatepicker();}if(window['gformInitPriceFields']) {gformInitPriceFields();}var current_page = jQuery('#gform_source_page_number_2').val();gformInitSpinner( 2, 'https:\/\/prospermortgages.com\/es\/wp-content\/plugins\/gravityforms\/images\/spinner.svg', true );jQuery(document).trigger('gform_page_loaded', [2, current_page]);window['gf_submitting_2'] = false;}else if(!is_redirect){var confirmation_content = jQuery(this).contents().find('.GF_AJAX_POSTBACK').html();if(!confirmation_content){confirmation_content = contents;}jQuery('#gform_wrapper_2').replaceWith(confirmation_content);jQuery(document).scrollTop(jQuery('#gf_2').offset().top - mt);jQuery(document).trigger('gform_confirmation_loaded', [2]);window['gf_submitting_2'] = false;wp.a11y.speak(jQuery('#gform_confirmation_message_2').text());}else{jQuery('#gform_2').append(contents);if(window['gformRedirect']) {gformRedirect();}}jQuery(document).trigger(\"gform_pre_post_render\", [{ formId: \"2\", currentPage: \"current_page\", abort: function() { this.preventDefault(); } }]);        if (event && event.defaultPrevented) {                return;        }        const gformWrapperDiv = document.getElementById( \"gform_wrapper_2\" );        if ( gformWrapperDiv ) {            const visibilitySpan = document.createElement( \"span\" );            visibilitySpan.id = \"gform_visibility_test_2\";            gformWrapperDiv.insertAdjacentElement( \"afterend\", visibilitySpan );        }        const visibilityTestDiv = document.getElementById( \"gform_visibility_test_2\" );        let postRenderFired = false;        function triggerPostRender() {            if ( postRenderFired ) {                return;            }            postRenderFired = true;            gform.core.triggerPostRenderEvents( 2, current_page );            if ( visibilityTestDiv ) {                visibilityTestDiv.parentNode.removeChild( visibilityTestDiv );            }        }        function debounce( func, wait, immediate ) {            var timeout;            return function() {                var context = this, args = arguments;                var later = function() {                    timeout = null;                    if ( !immediate ) func.apply( context, args );                };                var callNow = immediate && !timeout;                clearTimeout( timeout );                timeout = setTimeout( later, wait );                if ( callNow ) func.apply( context, args );            };        }        const debouncedTriggerPostRender = debounce( function() {            triggerPostRender();        }, 200 );        if ( visibilityTestDiv && visibilityTestDiv.offsetParent === null ) {            const observer = new MutationObserver( ( mutations ) => {                mutations.forEach( ( mutation ) => {                    if ( mutation.type === 'attributes' && visibilityTestDiv.offsetParent !== null ) {                        debouncedTriggerPostRender();                        observer.disconnect();                    }                });            });            observer.observe( document.body, {                attributes: true,                childList: false,                subtree: true,                attributeFilter: [ 'style', 'class' ],            });        } else {            triggerPostRender();        }    } );} );\n<\/script>\n<\/div>\n\t\t\t\t\t\t<\/div>\n\t\t\t\t<\/div>\n\t\t\t\t\t<\/div>\n\t\t<\/div>\n\t\t\t\t\t<\/div>\n\t\t<\/section>\n\t\t\t\t<\/div>\n\t\t","protected":false},"excerpt":{"rendered":"<p>Cont\u00e1ctenos \u00bfListo para dar el siguiente paso? Aqu\u00ed en Prosper Mortgages, creemos en hacer realidad la casa de sus sue\u00f1os sin obst\u00e1culos. Nuestro equipo de expertos en pr\u00e9stamos hipotecarios est\u00e1 aqu\u00ed para garantizar que su viaje sea fluido, eficiente y, en \u00faltima instancia, exitoso. Rellene el siguiente formulario.<\/p>\n","protected":false},"author":1,"featured_media":0,"parent":0,"menu_order":0,"comment_status":"closed","ping_status":"closed","template":"elementor_header_footer","meta":{"footnotes":""},"class_list":["post-229","page","type-page","status-publish","hentry"],"yoast_head":"<!-- This site is optimized with the Yoast SEO plugin v27.4 - https:\/\/yoast.com\/product\/yoast-seo-wordpress\/ -->\n<title>Contact Us - Prosper Mortgages Spanish<\/title>\n<meta name=\"robots\" content=\"index, follow, max-snippet:-1, max-image-preview:large, max-video-preview:-1\" \/>\n<link rel=\"canonical\" href=\"https:\/\/prospermortgages.com\/es\/contact-us\/\" \/>\n<meta property=\"og:locale\" content=\"en_US\" \/>\n<meta property=\"og:type\" content=\"article\" \/>\n<meta property=\"og:title\" content=\"Contact Us - Prosper Mortgages Spanish\" \/>\n<meta property=\"og:description\" content=\"Cont\u00e1ctenos \u00bfListo para dar el siguiente paso? Aqu\u00ed en Prosper Mortgages, creemos en hacer realidad la casa de sus sue\u00f1os sin obst\u00e1culos. Nuestro equipo de expertos en pr\u00e9stamos hipotecarios est\u00e1 aqu\u00ed para garantizar que su viaje sea fluido, eficiente y, en \u00faltima instancia, exitoso. Rellene el siguiente formulario.\" \/>\n<meta property=\"og:url\" content=\"https:\/\/prospermortgages.com\/es\/contact-us\/\" \/>\n<meta property=\"og:site_name\" content=\"Prosper Mortgages Spanish\" \/>\n<meta property=\"article:modified_time\" content=\"2023-12-20T12:21:52+00:00\" \/>\n<meta name=\"twitter:card\" content=\"summary_large_image\" \/>\n<meta name=\"twitter:label1\" content=\"Est. reading time\" \/>\n\t<meta name=\"twitter:data1\" content=\"1 minute\" \/>\n<script type=\"application\/ld+json\" class=\"yoast-schema-graph\">{\"@context\":\"https:\\\/\\\/schema.org\",\"@graph\":[{\"@type\":\"WebPage\",\"@id\":\"https:\\\/\\\/prospermortgages.com\\\/es\\\/contact-us\\\/\",\"url\":\"https:\\\/\\\/prospermortgages.com\\\/es\\\/contact-us\\\/\",\"name\":\"Contact Us - Prosper Mortgages Spanish\",\"isPartOf\":{\"@id\":\"https:\\\/\\\/prospermortgages.com\\\/es\\\/#website\"},\"datePublished\":\"2023-08-30T12:46:28+00:00\",\"dateModified\":\"2023-12-20T12:21:52+00:00\",\"breadcrumb\":{\"@id\":\"https:\\\/\\\/prospermortgages.com\\\/es\\\/contact-us\\\/#breadcrumb\"},\"inLanguage\":\"en-US\",\"potentialAction\":[{\"@type\":\"ReadAction\",\"target\":[\"https:\\\/\\\/prospermortgages.com\\\/es\\\/contact-us\\\/\"]}]},{\"@type\":\"BreadcrumbList\",\"@id\":\"https:\\\/\\\/prospermortgages.com\\\/es\\\/contact-us\\\/#breadcrumb\",\"itemListElement\":[{\"@type\":\"ListItem\",\"position\":1,\"name\":\"Home\",\"item\":\"https:\\\/\\\/prospermortgages.com\\\/es\\\/\"},{\"@type\":\"ListItem\",\"position\":2,\"name\":\"Contact Us\"}]},{\"@type\":\"WebSite\",\"@id\":\"https:\\\/\\\/prospermortgages.com\\\/es\\\/#website\",\"url\":\"https:\\\/\\\/prospermortgages.com\\\/es\\\/\",\"name\":\"Prosper Mortgages Spanish\",\"description\":\"\",\"publisher\":{\"@id\":\"https:\\\/\\\/prospermortgages.com\\\/es\\\/#organization\"},\"potentialAction\":[{\"@type\":\"SearchAction\",\"target\":{\"@type\":\"EntryPoint\",\"urlTemplate\":\"https:\\\/\\\/prospermortgages.com\\\/es\\\/?s={search_term_string}\"},\"query-input\":{\"@type\":\"PropertyValueSpecification\",\"valueRequired\":true,\"valueName\":\"search_term_string\"}}],\"inLanguage\":\"en-US\"},{\"@type\":\"Organization\",\"@id\":\"https:\\\/\\\/prospermortgages.com\\\/es\\\/#organization\",\"name\":\"Prosper Mortgages Spanish\",\"url\":\"https:\\\/\\\/prospermortgages.com\\\/es\\\/\",\"logo\":{\"@type\":\"ImageObject\",\"inLanguage\":\"en-US\",\"@id\":\"https:\\\/\\\/prospermortgages.com\\\/es\\\/#\\\/schema\\\/logo\\\/image\\\/\",\"url\":\"https:\\\/\\\/prospermortgages.com\\\/es\\\/wp-content\\\/uploads\\\/sites\\\/2\\\/2023\\\/08\\\/logo3.png\",\"contentUrl\":\"https:\\\/\\\/prospermortgages.com\\\/es\\\/wp-content\\\/uploads\\\/sites\\\/2\\\/2023\\\/08\\\/logo3.png\",\"width\":427,\"height\":177,\"caption\":\"Prosper Mortgages Spanish\"},\"image\":{\"@id\":\"https:\\\/\\\/prospermortgages.com\\\/es\\\/#\\\/schema\\\/logo\\\/image\\\/\"}}]}<\/script>\n<!-- \/ Yoast SEO plugin. -->","yoast_head_json":{"title":"Contact Us - Prosper Mortgages Spanish","robots":{"index":"index","follow":"follow","max-snippet":"max-snippet:-1","max-image-preview":"max-image-preview:large","max-video-preview":"max-video-preview:-1"},"canonical":"https:\/\/prospermortgages.com\/es\/contact-us\/","og_locale":"en_US","og_type":"article","og_title":"Contact Us - Prosper Mortgages Spanish","og_description":"Cont\u00e1ctenos \u00bfListo para dar el siguiente paso? Aqu\u00ed en Prosper Mortgages, creemos en hacer realidad la casa de sus sue\u00f1os sin obst\u00e1culos. Nuestro equipo de expertos en pr\u00e9stamos hipotecarios est\u00e1 aqu\u00ed para garantizar que su viaje sea fluido, eficiente y, en \u00faltima instancia, exitoso. Rellene el siguiente formulario.","og_url":"https:\/\/prospermortgages.com\/es\/contact-us\/","og_site_name":"Prosper Mortgages Spanish","article_modified_time":"2023-12-20T12:21:52+00:00","twitter_card":"summary_large_image","twitter_misc":{"Est. reading time":"1 minute"},"schema":{"@context":"https:\/\/schema.org","@graph":[{"@type":"WebPage","@id":"https:\/\/prospermortgages.com\/es\/contact-us\/","url":"https:\/\/prospermortgages.com\/es\/contact-us\/","name":"Contact Us - Prosper Mortgages Spanish","isPartOf":{"@id":"https:\/\/prospermortgages.com\/es\/#website"},"datePublished":"2023-08-30T12:46:28+00:00","dateModified":"2023-12-20T12:21:52+00:00","breadcrumb":{"@id":"https:\/\/prospermortgages.com\/es\/contact-us\/#breadcrumb"},"inLanguage":"en-US","potentialAction":[{"@type":"ReadAction","target":["https:\/\/prospermortgages.com\/es\/contact-us\/"]}]},{"@type":"BreadcrumbList","@id":"https:\/\/prospermortgages.com\/es\/contact-us\/#breadcrumb","itemListElement":[{"@type":"ListItem","position":1,"name":"Home","item":"https:\/\/prospermortgages.com\/es\/"},{"@type":"ListItem","position":2,"name":"Contact Us"}]},{"@type":"WebSite","@id":"https:\/\/prospermortgages.com\/es\/#website","url":"https:\/\/prospermortgages.com\/es\/","name":"Prosper Mortgages Spanish","description":"","publisher":{"@id":"https:\/\/prospermortgages.com\/es\/#organization"},"potentialAction":[{"@type":"SearchAction","target":{"@type":"EntryPoint","urlTemplate":"https:\/\/prospermortgages.com\/es\/?s={search_term_string}"},"query-input":{"@type":"PropertyValueSpecification","valueRequired":true,"valueName":"search_term_string"}}],"inLanguage":"en-US"},{"@type":"Organization","@id":"https:\/\/prospermortgages.com\/es\/#organization","name":"Prosper Mortgages Spanish","url":"https:\/\/prospermortgages.com\/es\/","logo":{"@type":"ImageObject","inLanguage":"en-US","@id":"https:\/\/prospermortgages.com\/es\/#\/schema\/logo\/image\/","url":"https:\/\/prospermortgages.com\/es\/wp-content\/uploads\/sites\/2\/2023\/08\/logo3.png","contentUrl":"https:\/\/prospermortgages.com\/es\/wp-content\/uploads\/sites\/2\/2023\/08\/logo3.png","width":427,"height":177,"caption":"Prosper Mortgages Spanish"},"image":{"@id":"https:\/\/prospermortgages.com\/es\/#\/schema\/logo\/image\/"}}]}},"_links":{"self":[{"href":"https:\/\/prospermortgages.com\/es\/wp-json\/wp\/v2\/pages\/229","targetHints":{"allow":["GET"]}}],"collection":[{"href":"https:\/\/prospermortgages.com\/es\/wp-json\/wp\/v2\/pages"}],"about":[{"href":"https:\/\/prospermortgages.com\/es\/wp-json\/wp\/v2\/types\/page"}],"author":[{"embeddable":true,"href":"https:\/\/prospermortgages.com\/es\/wp-json\/wp\/v2\/users\/1"}],"replies":[{"embeddable":true,"href":"https:\/\/prospermortgages.com\/es\/wp-json\/wp\/v2\/comments?post=229"}],"version-history":[{"count":9,"href":"https:\/\/prospermortgages.com\/es\/wp-json\/wp\/v2\/pages\/229\/revisions"}],"predecessor-version":[{"id":1781,"href":"https:\/\/prospermortgages.com\/es\/wp-json\/wp\/v2\/pages\/229\/revisions\/1781"}],"wp:attachment":[{"href":"https:\/\/prospermortgages.com\/es\/wp-json\/wp\/v2\/media?parent=229"}],"curies":[{"name":"wp","href":"https:\/\/api.w.org\/{rel}","templated":true}]}}