{"id":186,"date":"2023-08-30T11:31:45","date_gmt":"2023-08-30T11:31:45","guid":{"rendered":"https:\/\/fdmproofs2023.com\/prospermortgages\/?page_id=186"},"modified":"2023-10-11T13:47:59","modified_gmt":"2023-10-11T13:47:59","slug":"about-us","status":"publish","type":"page","link":"https:\/\/prospermortgages.com\/es\/about-us\/","title":{"rendered":"About Us"},"content":{"rendered":"\t\t<div data-elementor-type=\"wp-page\" data-elementor-id=\"186\" class=\"elementor elementor-186\" data-elementor-post-type=\"page\">\n\t\t\t\t\t\t<section class=\"elementor-section elementor-top-section elementor-element elementor-element-d635325 inner-banner  elementor-section-boxed elementor-section-height-default elementor-section-height-default\" data-id=\"d635325\" data-element_type=\"section\" data-e-type=\"section\" data-settings=\"{&quot;background_background&quot;:&quot;classic&quot;}\">\n\t\t\t\t\t\t\t<div class=\"elementor-background-overlay\"><\/div>\n\t\t\t\t\t\t\t<div class=\"elementor-container elementor-column-gap-no\">\n\t\t\t\t\t<div class=\"elementor-column elementor-col-100 elementor-top-column elementor-element elementor-element-b1318a0\" data-id=\"b1318a0\" data-element_type=\"column\" data-e-type=\"column\">\n\t\t\t<div class=\"elementor-widget-wrap elementor-element-populated\">\n\t\t\t\t\t\t<div class=\"elementor-element elementor-element-4f50fd8 inner-bar elementor-widget elementor-widget-heading\" data-id=\"4f50fd8\" data-element_type=\"widget\" data-e-type=\"widget\" data-widget_type=\"heading.default\">\n\t\t\t\t<div class=\"elementor-widget-container\">\n\t\t\t\t\t<h1 class=\"elementor-heading-title elementor-size-default\">Acerca de Nosotros<\/h1>\t\t\t\t<\/div>\n\t\t\t\t<\/div>\n\t\t\t\t\t<\/div>\n\t\t<\/div>\n\t\t\t\t\t<\/div>\n\t\t<\/section>\n\t\t\t\t<section class=\"elementor-section elementor-top-section elementor-element elementor-element-b2e7252 pad150 abt-main elementor-section-boxed elementor-section-height-default elementor-section-height-default\" data-id=\"b2e7252\" data-element_type=\"section\" data-e-type=\"section\">\n\t\t\t\t\t\t<div class=\"elementor-container elementor-column-gap-no\">\n\t\t\t\t\t<div class=\"elementor-column elementor-col-50 elementor-top-column elementor-element elementor-element-31b636d pr60 abt-lft-col t-full-col\" data-id=\"31b636d\" data-element_type=\"column\" data-e-type=\"column\">\n\t\t\t<div class=\"elementor-widget-wrap elementor-element-populated\">\n\t\t\t\t\t\t<div class=\"elementor-element elementor-element-abc21ed bigheading animated-slow elementor-invisible elementor-widget elementor-widget-heading\" data-id=\"abc21ed\" data-element_type=\"widget\" data-e-type=\"widget\" data-settings=\"{&quot;_animation&quot;:&quot;fadeIn&quot;}\" data-widget_type=\"heading.default\">\n\t\t\t\t<div class=\"elementor-widget-container\">\n\t\t\t\t\t<h2 class=\"elementor-heading-title elementor-size-default\">Conozca a Rachael Hutson<\/h2>\t\t\t\t<\/div>\n\t\t\t\t<\/div>\n\t\t\t\t<div class=\"elementor-element elementor-element-390960c animated-slow elementor-invisible elementor-widget elementor-widget-text-editor\" data-id=\"390960c\" data-element_type=\"widget\" data-e-type=\"widget\" data-settings=\"{&quot;_animation&quot;:&quot;fadeIn&quot;}\" data-widget_type=\"text-editor.default\">\n\t\t\t\t<div class=\"elementor-widget-container\">\n\t\t\t\t\t\t\t\t\t<p>\u00a1Soy originaria de Charleston! Desde el 2019 he estado ayudando a las personas en Charleston a comprar y refinanciar sus casas. Como agente hipotecario de servicio integral, ofrezco una variedad de productos de pr\u00e9stamo con tasas competitivas para hacer realidad sus sue\u00f1os de poseer un hogar. Entiendo que la situaci\u00f3n financiera de cada individuo y sus necesidades de hogar son \u00fanicas, es por eso que ofrezco una gu\u00eda personalizada para ayudarle a tomar decisiones informadas acerca de sus opciones hipotecarias. <br><\/p>\n<p>Ya sea que es due\u00f1o de un hogar por primera vez, o un due\u00f1o experimentado, mi meta es proporcionarle el apoyo y recursos necesarios para navegar exitosamente el proceso de financiamiento de su hogar. Mis clientes aprecian mi enfoque en proporcionar una excelente atenci\u00f3n al cliente a trav\u00e9s del proceso de pr\u00e9stamo hipotecario. <\/p>\n<p>Soy sincera, eficiente y estoy comprometida a ayudarle a mis clientes a navegar el complejo proceso de comprar o refinanciar una propiedad. Estoy dedicada a aliviar sus preocupaciones y responder todas sus preguntas. <\/p>\t\t\t\t\t\t\t\t<\/div>\n\t\t\t\t<\/div>\n\t\t\t\t<section class=\"elementor-section elementor-inner-section elementor-element elementor-element-5f522af getstart_bar inner-bar animated-slow elementor-section-boxed elementor-section-height-default elementor-section-height-default elementor-invisible\" data-id=\"5f522af\" data-element_type=\"section\" data-e-type=\"section\" data-settings=\"{&quot;animation&quot;:&quot;fadeIn&quot;}\">\n\t\t\t\t\t\t<div class=\"elementor-container elementor-column-gap-no\">\n\t\t\t\t\t<div class=\"elementor-column elementor-col-50 elementor-inner-column elementor-element elementor-element-041f259 abt-ctalft\" data-id=\"041f259\" data-element_type=\"column\" data-e-type=\"column\">\n\t\t\t<div class=\"elementor-widget-wrap elementor-element-populated\">\n\t\t\t\t\t\t<div class=\"elementor-element elementor-element-a224d5d elementor-widget elementor-widget-heading\" data-id=\"a224d5d\" data-element_type=\"widget\" data-e-type=\"widget\" data-widget_type=\"heading.default\">\n\t\t\t\t<div class=\"elementor-widget-container\">\n\t\t\t\t\t<p class=\"elementor-heading-title elementor-size-default\">\u00a1Trabajemos juntos para hacer realidad su sue\u00f1os de poseer un hogar!<\/p>\t\t\t\t<\/div>\n\t\t\t\t<\/div>\n\t\t\t\t\t<\/div>\n\t\t<\/div>\n\t\t\t\t<div class=\"elementor-column elementor-col-50 elementor-inner-column elementor-element elementor-element-31181c0 abt-ctaryt\" data-id=\"31181c0\" data-element_type=\"column\" data-e-type=\"column\">\n\t\t\t<div class=\"elementor-widget-wrap elementor-element-populated\">\n\t\t\t\t\t\t<div class=\"elementor-element elementor-element-7213ebd defbtn blackbtn elementor-align-center elementor-widget__width-initial elementor-widget elementor-widget-button\" data-id=\"7213ebd\" data-element_type=\"widget\" data-e-type=\"widget\" data-widget_type=\"button.default\">\n\t\t\t\t<div class=\"elementor-widget-container\">\n\t\t\t\t\t\t\t\t\t<div class=\"elementor-button-wrapper\">\n\t\t\t\t\t<a class=\"elementor-button elementor-button-link elementor-size-sm\" href=\"#\">\n\t\t\t\t\t\t<span class=\"elementor-button-content-wrapper\">\n\t\t\t\t\t\t\t\t\t<span class=\"elementor-button-text\">Solicitar ahora<\/span>\n\t\t\t\t\t<\/span>\n\t\t\t\t\t<\/a>\n\t\t\t\t<\/div>\n\t\t\t\t\t\t\t\t<\/div>\n\t\t\t\t<\/div>\n\t\t\t\t\t<\/div>\n\t\t<\/div>\n\t\t\t\t\t<\/div>\n\t\t<\/section>\n\t\t\t\t\t<\/div>\n\t\t<\/div>\n\t\t\t\t<div class=\"elementor-column elementor-col-50 elementor-top-column elementor-element elementor-element-a6b3197 abt-ryt-col t-full-col\" data-id=\"a6b3197\" data-element_type=\"column\" data-e-type=\"column\">\n\t\t\t<div class=\"elementor-widget-wrap elementor-element-populated\">\n\t\t\t\t\t\t<div class=\"elementor-element elementor-element-61b9d4c img_eff animated-slow elementor-widget__width-initial elementor-invisible elementor-widget elementor-widget-image\" data-id=\"61b9d4c\" data-element_type=\"widget\" data-e-type=\"widget\" data-settings=\"{&quot;_animation&quot;:&quot;fadeIn&quot;}\" data-widget_type=\"image.default\">\n\t\t\t\t<div class=\"elementor-widget-container\">\n\t\t\t\t\t\t\t\t\t\t\t\t\t\t\t<img fetchpriority=\"high\" decoding=\"async\" width=\"600\" height=\"763\" src=\"https:\/\/prospermortgages.com\/es\/wp-content\/uploads\/sites\/2\/2023\/08\/meet_Rachael.jpg\" class=\"attachment-large size-large wp-image-66\" alt=\"\" srcset=\"https:\/\/prospermortgages.com\/es\/wp-content\/uploads\/sites\/2\/2023\/08\/meet_Rachael.jpg 600w, https:\/\/prospermortgages.com\/es\/wp-content\/uploads\/sites\/2\/2023\/08\/meet_Rachael-236x300.jpg 236w\" sizes=\"(max-width: 600px) 100vw, 600px\" \/>\t\t\t\t\t\t\t\t\t\t\t\t\t\t\t<\/div>\n\t\t\t\t<\/div>\n\t\t\t\t\t<\/div>\n\t\t<\/div>\n\t\t\t\t\t<\/div>\n\t\t<\/section>\n\t\t\t\t<\/div>\n\t\t","protected":false},"excerpt":{"rendered":"<p>Acerca de Nosotros Conozca a Rachael Hutson \u00a1Soy originaria de Charleston! Desde el 2019 he estado ayudando a las personas en Charleston a comprar y refinanciar sus casas. Como agente hipotecario de servicio integral, ofrezco una variedad de productos de pr\u00e9stamo con tasas competitivas para hacer realidad sus sue\u00f1os de poseer un hogar. Entiendo que [&hellip;]<\/p>\n","protected":false},"author":1,"featured_media":0,"parent":0,"menu_order":0,"comment_status":"closed","ping_status":"closed","template":"elementor_header_footer","meta":{"footnotes":""},"class_list":["post-186","page","type-page","status-publish","hentry"],"yoast_head":"<!-- This site is optimized with the Yoast SEO plugin v27.4 - https:\/\/yoast.com\/product\/yoast-seo-wordpress\/ -->\n<title>About Us - Prosper Mortgages Spanish<\/title>\n<meta name=\"robots\" content=\"index, follow, max-snippet:-1, max-image-preview:large, max-video-preview:-1\" \/>\n<link rel=\"canonical\" href=\"https:\/\/prospermortgages.com\/es\/about-us\/\" \/>\n<meta property=\"og:locale\" content=\"en_US\" \/>\n<meta property=\"og:type\" content=\"article\" \/>\n<meta property=\"og:title\" content=\"About Us - Prosper Mortgages Spanish\" \/>\n<meta property=\"og:description\" content=\"Acerca de Nosotros Conozca a Rachael Hutson \u00a1Soy originaria de Charleston! Desde el 2019 he estado ayudando a las personas en Charleston a comprar y refinanciar sus casas. Como agente hipotecario de servicio integral, ofrezco una variedad de productos de pr\u00e9stamo con tasas competitivas para hacer realidad sus sue\u00f1os de poseer un hogar. Entiendo que [&hellip;]\" \/>\n<meta property=\"og:url\" content=\"https:\/\/prospermortgages.com\/es\/about-us\/\" \/>\n<meta property=\"og:site_name\" content=\"Prosper Mortgages Spanish\" \/>\n<meta property=\"article:modified_time\" content=\"2023-10-11T13:47:59+00:00\" \/>\n<meta property=\"og:image\" content=\"https:\/\/fdmproofs2023.com\/prospermortgages\/es\/wp-content\/uploads\/sites\/2\/2023\/08\/meet_Rachael.jpg\" \/>\n<meta name=\"twitter:card\" content=\"summary_large_image\" \/>\n<meta name=\"twitter:label1\" content=\"Est. reading time\" \/>\n\t<meta name=\"twitter:data1\" content=\"2 minutes\" \/>\n<script type=\"application\/ld+json\" class=\"yoast-schema-graph\">{\"@context\":\"https:\\\/\\\/schema.org\",\"@graph\":[{\"@type\":\"WebPage\",\"@id\":\"https:\\\/\\\/prospermortgages.com\\\/es\\\/about-us\\\/\",\"url\":\"https:\\\/\\\/prospermortgages.com\\\/es\\\/about-us\\\/\",\"name\":\"About Us - Prosper Mortgages Spanish\",\"isPartOf\":{\"@id\":\"https:\\\/\\\/prospermortgages.com\\\/es\\\/#website\"},\"primaryImageOfPage\":{\"@id\":\"https:\\\/\\\/prospermortgages.com\\\/es\\\/about-us\\\/#primaryimage\"},\"image\":{\"@id\":\"https:\\\/\\\/prospermortgages.com\\\/es\\\/about-us\\\/#primaryimage\"},\"thumbnailUrl\":\"https:\\\/\\\/fdmproofs2023.com\\\/prospermortgages\\\/es\\\/wp-content\\\/uploads\\\/sites\\\/2\\\/2023\\\/08\\\/meet_Rachael.jpg\",\"datePublished\":\"2023-08-30T11:31:45+00:00\",\"dateModified\":\"2023-10-11T13:47:59+00:00\",\"breadcrumb\":{\"@id\":\"https:\\\/\\\/prospermortgages.com\\\/es\\\/about-us\\\/#breadcrumb\"},\"inLanguage\":\"en-US\",\"potentialAction\":[{\"@type\":\"ReadAction\",\"target\":[\"https:\\\/\\\/prospermortgages.com\\\/es\\\/about-us\\\/\"]}]},{\"@type\":\"ImageObject\",\"inLanguage\":\"en-US\",\"@id\":\"https:\\\/\\\/prospermortgages.com\\\/es\\\/about-us\\\/#primaryimage\",\"url\":\"https:\\\/\\\/fdmproofs2023.com\\\/prospermortgages\\\/es\\\/wp-content\\\/uploads\\\/sites\\\/2\\\/2023\\\/08\\\/meet_Rachael.jpg\",\"contentUrl\":\"https:\\\/\\\/fdmproofs2023.com\\\/prospermortgages\\\/es\\\/wp-content\\\/uploads\\\/sites\\\/2\\\/2023\\\/08\\\/meet_Rachael.jpg\"},{\"@type\":\"BreadcrumbList\",\"@id\":\"https:\\\/\\\/prospermortgages.com\\\/es\\\/about-us\\\/#breadcrumb\",\"itemListElement\":[{\"@type\":\"ListItem\",\"position\":1,\"name\":\"Home\",\"item\":\"https:\\\/\\\/prospermortgages.com\\\/es\\\/\"},{\"@type\":\"ListItem\",\"position\":2,\"name\":\"About Us\"}]},{\"@type\":\"WebSite\",\"@id\":\"https:\\\/\\\/prospermortgages.com\\\/es\\\/#website\",\"url\":\"https:\\\/\\\/prospermortgages.com\\\/es\\\/\",\"name\":\"Prosper Mortgages Spanish\",\"description\":\"\",\"publisher\":{\"@id\":\"https:\\\/\\\/prospermortgages.com\\\/es\\\/#organization\"},\"potentialAction\":[{\"@type\":\"SearchAction\",\"target\":{\"@type\":\"EntryPoint\",\"urlTemplate\":\"https:\\\/\\\/prospermortgages.com\\\/es\\\/?s={search_term_string}\"},\"query-input\":{\"@type\":\"PropertyValueSpecification\",\"valueRequired\":true,\"valueName\":\"search_term_string\"}}],\"inLanguage\":\"en-US\"},{\"@type\":\"Organization\",\"@id\":\"https:\\\/\\\/prospermortgages.com\\\/es\\\/#organization\",\"name\":\"Prosper Mortgages Spanish\",\"url\":\"https:\\\/\\\/prospermortgages.com\\\/es\\\/\",\"logo\":{\"@type\":\"ImageObject\",\"inLanguage\":\"en-US\",\"@id\":\"https:\\\/\\\/prospermortgages.com\\\/es\\\/#\\\/schema\\\/logo\\\/image\\\/\",\"url\":\"https:\\\/\\\/prospermortgages.com\\\/es\\\/wp-content\\\/uploads\\\/sites\\\/2\\\/2023\\\/08\\\/logo3.png\",\"contentUrl\":\"https:\\\/\\\/prospermortgages.com\\\/es\\\/wp-content\\\/uploads\\\/sites\\\/2\\\/2023\\\/08\\\/logo3.png\",\"width\":427,\"height\":177,\"caption\":\"Prosper Mortgages Spanish\"},\"image\":{\"@id\":\"https:\\\/\\\/prospermortgages.com\\\/es\\\/#\\\/schema\\\/logo\\\/image\\\/\"}}]}<\/script>\n<!-- \/ Yoast SEO plugin. -->","yoast_head_json":{"title":"About Us - Prosper Mortgages Spanish","robots":{"index":"index","follow":"follow","max-snippet":"max-snippet:-1","max-image-preview":"max-image-preview:large","max-video-preview":"max-video-preview:-1"},"canonical":"https:\/\/prospermortgages.com\/es\/about-us\/","og_locale":"en_US","og_type":"article","og_title":"About Us - Prosper Mortgages Spanish","og_description":"Acerca de Nosotros Conozca a Rachael Hutson \u00a1Soy originaria de Charleston! Desde el 2019 he estado ayudando a las personas en Charleston a comprar y refinanciar sus casas. Como agente hipotecario de servicio integral, ofrezco una variedad de productos de pr\u00e9stamo con tasas competitivas para hacer realidad sus sue\u00f1os de poseer un hogar. Entiendo que [&hellip;]","og_url":"https:\/\/prospermortgages.com\/es\/about-us\/","og_site_name":"Prosper Mortgages Spanish","article_modified_time":"2023-10-11T13:47:59+00:00","og_image":[{"url":"https:\/\/fdmproofs2023.com\/prospermortgages\/es\/wp-content\/uploads\/sites\/2\/2023\/08\/meet_Rachael.jpg","type":"","width":"","height":""}],"twitter_card":"summary_large_image","twitter_misc":{"Est. reading time":"2 minutes"},"schema":{"@context":"https:\/\/schema.org","@graph":[{"@type":"WebPage","@id":"https:\/\/prospermortgages.com\/es\/about-us\/","url":"https:\/\/prospermortgages.com\/es\/about-us\/","name":"About Us - Prosper Mortgages Spanish","isPartOf":{"@id":"https:\/\/prospermortgages.com\/es\/#website"},"primaryImageOfPage":{"@id":"https:\/\/prospermortgages.com\/es\/about-us\/#primaryimage"},"image":{"@id":"https:\/\/prospermortgages.com\/es\/about-us\/#primaryimage"},"thumbnailUrl":"https:\/\/fdmproofs2023.com\/prospermortgages\/es\/wp-content\/uploads\/sites\/2\/2023\/08\/meet_Rachael.jpg","datePublished":"2023-08-30T11:31:45+00:00","dateModified":"2023-10-11T13:47:59+00:00","breadcrumb":{"@id":"https:\/\/prospermortgages.com\/es\/about-us\/#breadcrumb"},"inLanguage":"en-US","potentialAction":[{"@type":"ReadAction","target":["https:\/\/prospermortgages.com\/es\/about-us\/"]}]},{"@type":"ImageObject","inLanguage":"en-US","@id":"https:\/\/prospermortgages.com\/es\/about-us\/#primaryimage","url":"https:\/\/fdmproofs2023.com\/prospermortgages\/es\/wp-content\/uploads\/sites\/2\/2023\/08\/meet_Rachael.jpg","contentUrl":"https:\/\/fdmproofs2023.com\/prospermortgages\/es\/wp-content\/uploads\/sites\/2\/2023\/08\/meet_Rachael.jpg"},{"@type":"BreadcrumbList","@id":"https:\/\/prospermortgages.com\/es\/about-us\/#breadcrumb","itemListElement":[{"@type":"ListItem","position":1,"name":"Home","item":"https:\/\/prospermortgages.com\/es\/"},{"@type":"ListItem","position":2,"name":"About Us"}]},{"@type":"WebSite","@id":"https:\/\/prospermortgages.com\/es\/#website","url":"https:\/\/prospermortgages.com\/es\/","name":"Prosper Mortgages Spanish","description":"","publisher":{"@id":"https:\/\/prospermortgages.com\/es\/#organization"},"potentialAction":[{"@type":"SearchAction","target":{"@type":"EntryPoint","urlTemplate":"https:\/\/prospermortgages.com\/es\/?s={search_term_string}"},"query-input":{"@type":"PropertyValueSpecification","valueRequired":true,"valueName":"search_term_string"}}],"inLanguage":"en-US"},{"@type":"Organization","@id":"https:\/\/prospermortgages.com\/es\/#organization","name":"Prosper Mortgages Spanish","url":"https:\/\/prospermortgages.com\/es\/","logo":{"@type":"ImageObject","inLanguage":"en-US","@id":"https:\/\/prospermortgages.com\/es\/#\/schema\/logo\/image\/","url":"https:\/\/prospermortgages.com\/es\/wp-content\/uploads\/sites\/2\/2023\/08\/logo3.png","contentUrl":"https:\/\/prospermortgages.com\/es\/wp-content\/uploads\/sites\/2\/2023\/08\/logo3.png","width":427,"height":177,"caption":"Prosper Mortgages Spanish"},"image":{"@id":"https:\/\/prospermortgages.com\/es\/#\/schema\/logo\/image\/"}}]}},"_links":{"self":[{"href":"https:\/\/prospermortgages.com\/es\/wp-json\/wp\/v2\/pages\/186","targetHints":{"allow":["GET"]}}],"collection":[{"href":"https:\/\/prospermortgages.com\/es\/wp-json\/wp\/v2\/pages"}],"about":[{"href":"https:\/\/prospermortgages.com\/es\/wp-json\/wp\/v2\/types\/page"}],"author":[{"embeddable":true,"href":"https:\/\/prospermortgages.com\/es\/wp-json\/wp\/v2\/users\/1"}],"replies":[{"embeddable":true,"href":"https:\/\/prospermortgages.com\/es\/wp-json\/wp\/v2\/comments?post=186"}],"version-history":[{"count":18,"href":"https:\/\/prospermortgages.com\/es\/wp-json\/wp\/v2\/pages\/186\/revisions"}],"predecessor-version":[{"id":1584,"href":"https:\/\/prospermortgages.com\/es\/wp-json\/wp\/v2\/pages\/186\/revisions\/1584"}],"wp:attachment":[{"href":"https:\/\/prospermortgages.com\/es\/wp-json\/wp\/v2\/media?parent=186"}],"curies":[{"name":"wp","href":"https:\/\/api.w.org\/{rel}","templated":true}]}}